{"id":39,"date":"2020-01-09T08:45:36","date_gmt":"2020-01-09T07:45:36","guid":{"rendered":"http:\/\/pensionkonirna.dev.it5.cz\/?page_id=39"},"modified":"2020-03-02T15:17:09","modified_gmt":"2020-03-02T14:17:09","slug":"pension-konirna","status":"publish","type":"page","link":"https:\/\/pensionkonirna.cz\/","title":{"rendered":"Pension Kon\u00edrna"},"content":{"rendered":"\n<div class=\"wp-block-columns is-layout-flex wp-container-4\">\n<div class=\"wp-block-column is-layout-flow\">\n<div class=\"wp-block-button aligncenter\"><a class=\"wp-block-button__link has-background\" href=\"https:\/\/pensionkonirna.cz\/index.php\/o-pensionu\/\" style=\"background-color:#bb670b\">Pension a z\u00e1zem\u00ed<\/a><\/div>\n\n\n\n<p class=\"has-text-align-center has-medium-font-size\">Na pohodl\u00ed a komfort host\u016f pensionu je my\u0161leno v mnoha detailech ubytov\u00e1n\u00ed, ale v p\u0159\u00edpad\u011b jejich aktivn\u00edho odpo\u010dinku v okol\u00ed pensionu. <\/p>\n<\/div>\n\n\n\n<div class=\"wp-block-column is-layout-flow\">\n<div class=\"wp-block-button aligncenter\"><a class=\"wp-block-button__link has-background\" href=\"https:\/\/pensionkonirna.cz\/index.php\/stodola\/\" style=\"background-color:#bb670b\">Svatebn\u00ed Stodola<\/a><\/div>\n\n\n\n<p class=\"has-text-align-center has-medium-font-size\"> Nov\u011b v\u00e1m nab\u00edz\u00edme tak\u00e9 mo\u017enost pron\u00e1jmu stylov\u00e9 Stodoly pro po\u0159\u00e1d\u00e1n\u00ed zejm\u00e9na svatebn\u00edch hostin a ob\u0159ad\u016f, ale i narozeninov\u00fdch oslav. <\/p>\n<\/div>\n\n\n\n<div class=\"wp-block-column is-layout-flow\">\n<div class=\"wp-block-button aligncenter\"><a class=\"wp-block-button__link has-background\" href=\"https:\/\/pensionkonirna.cz\/index.php\/fotogalerie\/\" style=\"background-color:#bb670b\">Romantick\u00e9 prost\u0159ed\u00ed<\/a><\/div>\n\n\n\n<p class=\"has-text-align-center has-medium-font-size\"> Turisticky zaj\u00edmav\u00e9 m\u00edsto v dosahu hospitalu Kuks, babi\u010d\u010dina \u00fadol\u00ed, golfov\u00fdch h\u0159i\u0161\u0165, sjezdovek a cyklostezek.<\/p>\n<\/div>\n<\/div>\n\n\n\n<p><\/p>\n","protected":false},"excerpt":{"rendered":"<p>Na pohodl\u00ed a komfort host\u016f pensionu je my\u0161leno v mnoha detailech ubytov\u00e1n\u00ed, ale v p\u0159\u00edpad\u011b jejich aktivn\u00edho odpo\u010dinku v okol\u00ed pensionu. Nov\u011b v\u00e1m nab\u00edz\u00edme tak\u00e9 mo\u017enost pron\u00e1jmu stylov\u00e9 Stodoly pro po\u0159\u00e1d\u00e1n\u00ed zejm\u00e9na svatebn\u00edch hostin a ob\u0159ad\u016f, ale i narozeninov\u00fdch oslav. Turisticky zaj\u00edmav\u00e9 m\u00edsto v dosahu hospitalu Kuks, babi\u010d\u010dina \u00fadol\u00ed, golfov\u00fdch h\u0159i\u0161\u0165, sjezdovek a cyklostezek.<\/p>\n","protected":false},"author":1,"featured_media":0,"parent":0,"menu_order":0,"comment_status":"closed","ping_status":"closed","template":"","meta":[],"_links":{"self":[{"href":"https:\/\/pensionkonirna.cz\/index.php\/wp-json\/wp\/v2\/pages\/39"}],"collection":[{"href":"https:\/\/pensionkonirna.cz\/index.php\/wp-json\/wp\/v2\/pages"}],"about":[{"href":"https:\/\/pensionkonirna.cz\/index.php\/wp-json\/wp\/v2\/types\/page"}],"author":[{"embeddable":true,"href":"https:\/\/pensionkonirna.cz\/index.php\/wp-json\/wp\/v2\/users\/1"}],"replies":[{"embeddable":true,"href":"https:\/\/pensionkonirna.cz\/index.php\/wp-json\/wp\/v2\/comments?post=39"}],"version-history":[{"count":18,"href":"https:\/\/pensionkonirna.cz\/index.php\/wp-json\/wp\/v2\/pages\/39\/revisions"}],"predecessor-version":[{"id":421,"href":"https:\/\/pensionkonirna.cz\/index.php\/wp-json\/wp\/v2\/pages\/39\/revisions\/421"}],"wp:attachment":[{"href":"https:\/\/pensionkonirna.cz\/index.php\/wp-json\/wp\/v2\/media?parent=39"}],"curies":[{"name":"wp","href":"https:\/\/api.w.org\/{rel}","templated":true}]}}