{"id":5,"date":"2020-01-08T13:35:07","date_gmt":"2020-01-08T13:35:07","guid":{"rendered":"http:\/\/pensionkonirna.dev.it5.cz\/?page_id=5"},"modified":"2022-01-04T11:59:09","modified_gmt":"2022-01-04T10:59:09","slug":"o-pensionu","status":"publish","type":"page","link":"https:\/\/pensionkonirna.cz\/index.php\/o-pensionu\/","title":{"rendered":"O Pensionu"},"content":{"rendered":"\n<h3 class=\"wp-block-heading\">Rodinn\u00fd pension Kon\u00edrna<\/h3>\n\n\n\n<div class=\"wp-block-image\"><figure class=\"alignright size-large is-resized\"><img loading=\"lazy\" decoding=\"async\" src=\"https:\/\/pensionkonirna.cz\/wp-content\/uploads\/2022\/01\/pension-leto-1024x768.jpg\" alt=\"\" class=\"wp-image-534\" width=\"317\" height=\"238\" srcset=\"https:\/\/pensionkonirna.cz\/wp-content\/uploads\/2022\/01\/pension-leto-1024x768.jpg 1024w, https:\/\/pensionkonirna.cz\/wp-content\/uploads\/2022\/01\/pension-leto-300x225.jpg 300w, https:\/\/pensionkonirna.cz\/wp-content\/uploads\/2022\/01\/pension-leto-768x576.jpg 768w, https:\/\/pensionkonirna.cz\/wp-content\/uploads\/2022\/01\/pension-leto-1536x1152.jpg 1536w, https:\/\/pensionkonirna.cz\/wp-content\/uploads\/2022\/01\/pension-leto-2048x1536.jpg 2048w\" sizes=\"auto, (max-width: 317px) 100vw, 317px\" \/><\/figure><\/div>\n\n\n\n<p>Jedn\u00e1 se o repliku staro\u010desk\u00e9 roubenky uveden\u00e9 do provozu od \nledna 2015. Stavba je provedena s ohledem na n\u00edzkou energetickou \nn\u00e1ro\u010dnost a ekologickou z\u00e1t\u011b\u017e \u017eivotn\u00edho prost\u0159ed\u00ed. V r\u00e1mci stavby byly \npou\u017eity v\u00fdhradn\u011b materi\u00e1ly spl\u0148uj\u00edc\u00ed standarty modern\u00edho stavitelstv\u00ed v \nkombinaci s tradi\u010dn\u00edmi prvky, jako je masivn\u00ed d\u0159evo, kter\u00e9 je v r\u00e1mci \nv\u00fdstavby a hlavn\u011b interi\u00e9r\u016f maxim\u00e1ln\u011b vyu\u017eito. Pension je um\u00edst\u011bn v \nklidn\u00e9 sp\u00ed\u0161e odlehlej\u0161\u00ed \u010d\u00e1sti obce mezi pastvinami a sousedstv\u00ed tvo\u0159\u00ed \njen p\u016fvodn\u00ed rouben\u00e9 staven\u00ed a p\u0159ilehl\u00e9 hospod\u00e1\u0159stv\u00ed.<\/p>\n\n\n\n<div class=\"wp-block-image\"><figure class=\"alignleft size-large\"><img loading=\"lazy\" decoding=\"async\" width=\"400\" height=\"266\" src=\"https:\/\/pensionkonirna.cz\/wp-content\/uploads\/2020\/01\/spol1-400.jpg\" alt=\"\" class=\"wp-image-89\"\/><\/figure><\/div>\n\n\n\n<p class=\"has-text-align-left\"> Vybaven\u00ed pensionu bylo zvoleno tak, aby maxim\u00e1ln\u011b vyvol\u00e1valo pocity  p\u0159irozenosti a stylu zvolen\u00e9ho ubytov\u00e1n\u00ed. V p\u0159\u00edzem\u00ed se nach\u00e1z\u00ed mimo  velk\u00e9 spole\u010densk\u00e9 m\u00edstnosti vybaven\u00e9 masivn\u00edm selsk\u00fdm n\u00e1bytkem s  kachlov\u00fdmi kamny (j\u00eddelny) s p\u0159\u00edm\u00fdm spojen\u00edm s prostornou venkovn\u00ed  terasou a venkovn\u00edm posezen\u00edm, staro\u010desk\u00e1 kuchyn\u011b s d\u011btsk\u00fdm koutem,  kter\u00e1 je host\u016fm nep\u0159etr\u017eit\u011b k dispozici, d\u00e1le \u0161atna, WC, infra sauna s  koupelnou. Po d\u0159ev\u011bn\u00e9m schodi\u0161ti se dostanete do ubytovac\u00ed \u010d\u00e1sti, kde  jsou host\u016fm k dispozici nadstandardn\u011b vybaven\u00e9 pokoje. <\/p>\n\n\n\n<div class=\"wp-block-image\"><figure class=\"alignright size-large\"><img loading=\"lazy\" decoding=\"async\" width=\"400\" height=\"266\" src=\"https:\/\/pensionkonirna.cz\/wp-content\/uploads\/2020\/01\/helenka1-400.jpg\" alt=\"\" class=\"wp-image-90\"\/><\/figure><\/div>\n\n\n\n<p>Sou\u010d\u00e1st\u00ed ubytov\u00e1n\u00ed mohou b\u00fdt sn\u00eddan\u011b pod\u00e1van\u00e9 z dom\u00e1c\u00edch, nebo \nregion\u00e1ln\u00edch potravin. Ostatn\u00ed stravov\u00e1n\u00ed po dohod\u011b. Pro hosty je po \ndohod\u011b voln\u011b k dispozici ji\u017e zmi\u0148ovan\u00e1 infra sauna dopln\u011bn\u00e1 fototerapi\u00ed.<\/p>\n\n\n\n<p>K objektu tak\u00e9 pat\u0159\u00ed i p\u0159ilehl\u00e1 stavba \u2013 krbovna, a venovn\u00ed wellness \u2013  relaxa\u010dn\u00ed sud. Krbovna host\u016fm umo\u017e\u0148uje posezen\u00ed u otev\u0159en\u00e9ho ohn\u011b s  mo\u017enost\u00ed ro\u017en\u011bn\u00ed a grilov\u00e1n\u00ed za jak\u00e9hokoli po\u010das\u00ed v p\u0159\u00edrodn\u00ed a stylov\u00e9  stavb\u011b kter\u00e1 umoc\u0148uje celkov\u00fd r\u00e1z za\u0159\u00edzen\u00ed. Venkovn\u00ed wellness zase  n\u00e1v\u0161t\u011bvn\u00edci vyu\u017e\u00edvaj\u00ed v zimn\u00edch m\u011bs\u00edc\u00edch pro koupel v hork\u00e9 l\u00e1zni.  Teplotu vody si sami udr\u017euj\u00ed p\u0159ikl\u00e1d\u00e1n\u00edm do ohn\u011b. V letn\u00edch m\u011bs\u00edc\u00edch je  ale hojn\u011b vyu\u017e\u00edv\u00e1n baz\u00e9n se slanou vodou a konstantn\u00ed teplotou vody 28\u00b0C  V neposledn\u00ed \u0159ad\u011b je d\u011btem k dispozici i d\u011btsk\u00e9 h\u0159i\u0161t\u011b.<\/p>\n\n\n\n<div class=\"wp-block-image\"><figure class=\"alignleft size-large\"><img loading=\"lazy\" decoding=\"async\" width=\"400\" height=\"400\" src=\"https:\/\/pensionkonirna.cz\/wp-content\/uploads\/2020\/01\/lama-400.jpg\" alt=\"\" class=\"wp-image-91\"\/><\/figure><\/div>\n\n\n\n<p> Nyn\u00ed se ale vra\u0165me k m\u00edstu, ve kter\u00e9m jsou tyto stavby situov\u00e1ny. Jedn\u00e1  se o venkovsk\u00e9 hospod\u00e1\u0159stv\u00ed \u2013 Winning village ranch, jeho\u017e sou\u010d\u00e1st\u00ed jsou  rozlehl\u00e9 pastviny a to jak s ko\u0148mi, tak dal\u0161\u00edmi hospod\u00e1\u0159sk\u00fdmi zv\u00ed\u0159aty,  jako jsou kozy, ovce, vep\u0159i, kravka, osl\u00edk, husy, ale tak\u00e9 lama a p\u00e1rek  p\u0161tros\u016f africk\u00fdch. Toto hospod\u00e1\u0159stv\u00ed m\u016f\u017ee po p\u0159edchoz\u00ed dohod\u011b slou\u017eit  host\u016fm jako sou\u010d\u00e1st ubytov\u00e1n\u00ed a zp\u016fsob relaxace, nebo vy\u017eit\u00ed v r\u00e1mci  pr\u00e1ce na hospod\u00e1\u0159stv\u00ed. <\/p>\n\n\n\n<h2 class=\"wp-block-heading\">Okol\u00ed pensionu<\/h2>\n\n\n\n<p><strong>Mo\u017enosti vyu\u017eit\u00ed region\u00e1ln\u00edch bod\u016f z\u00e1jm\u016f v&nbsp;okruhu 30km:<\/strong><br>Obec\n V\u00edt\u011bzn\u00e1: K\u0159\u00ed\u017eov\u00e1 cesta, Kostel sv. Jana Nepomuck\u00e9ho, Poutn\u00ed m\u00edsto \u2013 \nkostel Panny Marie u stud\u00e1nky \u2013 H\u00e1jemstv\u00ed, hosp\u016fdka Z\u00e1bo\u0159\u00ed<br>ZOO \u2013 safari Dv\u016fr Kr\u00e1lov\u00e9 nad Labem<br>Kuks \u2013 Hospital Kuks, Braun\u016fv Betl\u00e9m<br>Ratibo\u0159ice -Babi\u010d\u010dino \u00fadol\u00ed<br>Golf: Mlad\u00e9 Buky, Prose\u010dn\u00e9<br>Baz\u00e9n: Trutnov<br>Skiare\u00e1l&nbsp; Mlad\u00e9 Buky, \u010cern\u00e1 Hora, Pec pod Sn\u011b\u017ekou<br>J\u00e1nsk\u00e9 J\u00e1zn\u011b, L\u00e1zn\u011b Velichovky, L\u00e1zn\u011b B\u011blohrad<br>Pevnosti: Jarom\u011b\u0159-Josefov, \u017dacl\u00e9\u0159 -Stachelberg<\/p>\n","protected":false},"excerpt":{"rendered":"<p>Rodinn\u00fd pension Kon\u00edrna Jedn\u00e1 se o repliku staro\u010desk\u00e9 roubenky uveden\u00e9 do provozu od ledna 2015. Stavba je provedena s ohledem na n\u00edzkou energetickou n\u00e1ro\u010dnost a ekologickou z\u00e1t\u011b\u017e \u017eivotn\u00edho prost\u0159ed\u00ed. V r\u00e1mci stavby byly pou\u017eity v\u00fdhradn\u011b materi\u00e1ly spl\u0148uj\u00edc\u00ed standarty modern\u00edho stavitelstv\u00ed v kombinaci s tradi\u010dn\u00edmi prvky, jako je masivn\u00ed d\u0159evo, kter\u00e9 je v r\u00e1mci v\u00fdstavby a&hellip;<\/p>\n<p class=\"more-link\"><a href=\"https:\/\/pensionkonirna.cz\/index.php\/o-pensionu\/\" class=\"themebutton2\">Read More<\/a><\/p>\n","protected":false},"author":1,"featured_media":0,"parent":0,"menu_order":0,"comment_status":"closed","ping_status":"closed","template":"","meta":{"footnotes":""},"class_list":["post-5","page","type-page","status-publish","hentry"],"_links":{"self":[{"href":"https:\/\/pensionkonirna.cz\/index.php\/wp-json\/wp\/v2\/pages\/5","targetHints":{"allow":["GET"]}}],"collection":[{"href":"https:\/\/pensionkonirna.cz\/index.php\/wp-json\/wp\/v2\/pages"}],"about":[{"href":"https:\/\/pensionkonirna.cz\/index.php\/wp-json\/wp\/v2\/types\/page"}],"author":[{"embeddable":true,"href":"https:\/\/pensionkonirna.cz\/index.php\/wp-json\/wp\/v2\/users\/1"}],"replies":[{"embeddable":true,"href":"https:\/\/pensionkonirna.cz\/index.php\/wp-json\/wp\/v2\/comments?post=5"}],"version-history":[{"count":8,"href":"https:\/\/pensionkonirna.cz\/index.php\/wp-json\/wp\/v2\/pages\/5\/revisions"}],"predecessor-version":[{"id":563,"href":"https:\/\/pensionkonirna.cz\/index.php\/wp-json\/wp\/v2\/pages\/5\/revisions\/563"}],"wp:attachment":[{"href":"https:\/\/pensionkonirna.cz\/index.php\/wp-json\/wp\/v2\/media?parent=5"}],"curies":[{"name":"wp","href":"https:\/\/api.w.org\/{rel}","templated":true}]}}